{"id":5352,"date":"2020-09-19T21:00:02","date_gmt":"2020-09-19T19:00:02","guid":{"rendered":"https:\/\/www.meccanicamente.com\/term-of-use\/"},"modified":"2021-02-07T18:31:48","modified_gmt":"2021-02-07T17:31:48","slug":"term-of-use","status":"publish","type":"page","link":"https:\/\/www.meccanicamente.com\/it\/term-of-use\/","title":{"rendered":"Termini di Utilizzo"},"content":{"rendered":"<h2><\/h2>\r\n<h1>Termini di Utilizzo<\/h1>\r\n<h2>\r\n\r\n<\/h2>\r\n<h2>\r\n\r\n<\/h2>\r\n<p>Il presente documento descrive le Condizioni Generali di Utilizzo (\u201cContratto\u201d) del presente sito internet. Le seguenti Condizioni si applicano ai soggetti che accedono al Sito Web, raggiungibile all\u2019URL <a href=\"http:\/\/www.meccanicamente.com\">www.meccanicamente.com<\/a> \u00a0(\u201cSito\u201d), e che navigano i contenuti, utilizzano i servizi e\/o effettuano l\u2019acquisto dei prodotti offerti dallo stesso. Gli Utenti hanno l\u2019obbligo di rispetto delle presenti Condizioni Generali e delle Condizioni Particolari per l\u2019accesso e l\u2019uso di questo sito web. L\u2019utente dichiara di aver preso visione e di accettare sia le seguenti Condizioni Generali che qualunque altro avviso, nota informativa o disclamier pubblicati nel sito stesso.<\/p>\r\n<p><strong>INFORMAZIONI GENERALI<\/strong><\/p>\r\n<p>Il sito internet raggiungibile alla URL <a href=\"http:\/\/www.meccanicamente.com\">www.meccanicamente.com<\/a> \u00e8 pubblicato e gestito da Giancarlo Figlia (\u201cTitolare\u201d) avente sede in Fara In Sabina, P.zza Garibaldi, 18 \u2013 CAP 02032 \u2013 Tel. 06362271 \u2013 Fax. 063135161 \u2013 e-mail: giancarlo.figlia@meccanicamente.com \u2013 Partita IVA 01027060571<\/p>\r\n<p>Preghiamo l\u2019Utente di leggere attentamente il presente Contratto. In occasione della fruizione di Servizi specifici e possibile che venga richiesta l\u2019accettazione di ulteriori clausole.<\/p>\r\n<p>Il Titolare si riserva ogni diritto esclusivo sui contenuti dei servizi messi a disposizione ricordando che questi potranno essere utilizzati dagli utenti per solo fine di una fruizione meramente personale.<\/p>\r\n<p>Il Contratto potr\u00e0 essere soggetto a modifiche e variazioni nel corso del tempo: la data della versione pi\u00f9 aggiornata viene riportata all\u2019interno di questo documento. L\u2019accesso e l\u2019utilizzo del Sito continuato nel tempo comporter\u00e0 l\u2019automatica accettazione della pi\u00f9 recente versione del Contratto.<\/p>\r\n<p>Fatto salvo quanto di seguito descritto con riferimento a specifiche circostanze, informiamo, da subito, che la mancata osservanza del Contratto, anche di singole clausole, o di altre condizioni di utilizzazione riportate nelle varie sezioni del Sito ovvero comportamenti contrari alla nostra politica aziendale, potr\u00e0 comportare la sospensione o l\u2019interruzione del tuo accesso al che ci riserviamo di porre in essere a nostro insindacabile giudizio e senza alcun preavviso, fatta salva ogni ulteriore azione esperibile da parte nostra.<\/p>\r\n<p><strong>POLITICA COMMERCIALE DI VENDITA<\/strong><\/p>\r\n<p>meccanicamente.com\u00a0 ha adottato una propria politica commerciale; la propria missione consiste nel vendere prodotti e servizi tramite i propri canali ed il proprio sito web a soggetti giuridici appartenenti o riconosciuti dalle norme della Comunit\u00e0 Europea.<\/p>\r\n<p><strong>REGISTRAZIONE DEGLI UTENTI<\/strong><\/p>\r\n<p>Il Titolare potr\u00e0 subordinare l\u2019utilizzazione di alcuni Servizi e\/o la Consultazione di specifiche aree del sito e l\u2019acquisto dei Prodotti in esso commercializzati, alla registrazione da parte degli Utenti, in occasione della possono scegliere un nome utente e una password, oltre che fornire altri dati personali, il cui trattamento da parte del Titolare \u00e8 regolato e descritta nell\u2019area Privacy Policy , dei quali garantisce la correttezza e la veridicit\u00e0 e in relazione ai quali si impegna all\u2019eventuale loro aggiornamento (ad es. in caso di cambio di residenza, numeri di utenze telefoniche, etc.).<\/p>\r\n<p>L\u2019Utente s\u2019impegna inoltre a custodire con diligenza il nome utente e la password utilizzati per la registrazione, e dichiari di essere a conoscenza che l\u2019eventuale comunicazione di tali dati a soggetti terzi e\/o il loro utilizzo da parte di terzi non \u00e8 consentito e che potr\u00e0 comportare la tua responsabilit\u00e0 per l\u2019uso altrui del Servizio. In tale caso, il Titolare si riserva peraltro il diritto di sospendere o interrompere il tuo accesso al Servizio.<\/p>\r\n<p><strong>COMMENTI DEGLI UTENTI<\/strong><\/p>\r\n<p>Il Titolare non avalla, sostiene, sanziona, incoraggia, verifica n\u00e9 concorda con le opinioni, le affermazioni o i commenti espressi nelle bacheche, nei blog, nei forum o, pi\u00f9 in generale, nelle aree comuni del Sito. Resta pertanto inteso che tali opinioni, affermazioni o commenti saranno esclusivamente riferibili agli utenti che li avranno espressi.<\/p>\r\n<p>Ogni informazione o materiale messi on-line da soggetti terzi, consigli e opinioni, inclusi eventuali messaggi rappresentano il punto di vista di coloro che effettivamente hanno immesso sul Sito le proprie considerazioni o che pongono in vendita i propri beni o servizi; tali soggetti terzi saranno direttamente responsabili di tali contenuti, mentre il Titolare esclude ogni propria personale valutazione o condivisione di tali materiali e\/o informazioni.<\/p>\r\n<p>Resta inteso che il Titolare si riserva il diritto di rimuovere in qualsiasi momento e senza alcun preavviso ogni informazione, dato, commento, opinione, materiale o elemento immesso, caricato fornito, trasmesso o diffuso attraverso il Servizio dai propri utenti (\u201cMateriale\u201d) a fronte della segnalazione di una pretesa violazione di diritti di terzi o comunque a proprio insindacabile giudizio.<\/p>\r\n<p><strong>UTILIZZO DEI SERVIZI DA PARTE DELL\u2019UTENTE<\/strong><\/p>\r\n<p>Il diritto dell\u2019Utente di utilizzare i Servizi all\u2019interno del Sito \u00e8 strettamente personale e non potr\u00e0 pertanto autorizzarne l\u2019accesso da parte di terzi. Resta comunque inteso che si assume ogni responsabilit\u00e0 in ordine al suo utilizzo del Servizio, cos\u00ec come a quello di terzi da esso autorizzati.<\/p>\r\n<p>La registrazione al Sito non \u00e8 consentita agli utenti minori di 14 anni, ed il Titolare non raccoglie informazioni personali di utenti minori di 14 anni. A tali utenti \u00e8 espressamente proibito fornire propri dati personali ed utilizzare i nostri forum e le nostre aree di chat, blog, etc., cos\u00ec come ogni altra parte o sezione del Servizi del Sito; nessuna informazione fornita da tali utenti sar\u00e0 utilizzata, immessa on-line o conservata. Prima di potersi registrare al Sito i soggetti di et\u00e0 compresa tra i 14 ed i 18 anni dovranno ottenere il consenso dei propri genitori o di chi ne esercita la potest\u00e0 in osservanza di quanto previsto dalla nostra Privacy Policy.<\/p>\r\n<p>Nella fruizione dei Servizi l\u2019Utente s\u2019impegna a non utilizzare linguaggio osceno, indecente od offensivo, e a non immettere alcun materiale diffamatorio, ingiurioso, molesto o fastidioso o comunque ogni e qualunque materiale\/commento contrario alla legge. S\u2019impegna inoltre a non immettere nel Sito pubblicit\u00e0 non autorizzata, o altro Materiale che invada la privacy di alcuno o incoraggi condotte criminose o che possa far sorgere responsabilit\u00e0 o che comunque sia contrario a qualsiasi normativa applicabile. Accetti pertanto di utilizzare il Servizio esclusivamente per scopi leciti, essendo a conoscenza che il mancato adempimento a tale impegno potr\u00e0 renderti soggetto a responsabilit\u00e0 civile e\/o penale.<\/p>\r\n<p>L\u2019Utente dovr\u00e0 garantire che il Materiale immesso nel Servizio o in uno dei suoi blog, forum o bacheche, inclusi in maniera esemplificativa ma non esaustiva, testi, fotografie e suoni, non viola alcun diritto d\u2019autore, marchi, segreti aziendali o altri diritti di privativa di propriet\u00e0 di soggetti terzi.<\/p>\r\n<p>I materiali messi a disposizione attraverso nel Sito, alcuni di essi tutelati da diritti di privativa di soggetti terzi, sono resi disponibili unicamente per l\u2019uso personale degli utenti dei servizi. L\u2019Utente s\u2019impegna a rispettare tali diritti di privativa, e ad esempio a non utilizzare per fini commerciali, o comunque per fini che non siano stati previamente ed espressamente autorizzati, i materiali ottenuti attraverso il Sito, e quindi ad esempio a non pubblicarli, distribuirli, eseguirli in pubblico, riprodurli o registrarli su supporti di alcun tipo, fatte salve le libere utilizzazioni previste dalla normativa italiana sul diritto d\u2019autore o da altre leggi applicabili, e fatto salvo quanto espressamente previsto nel Contratto.<\/p>\r\n<p>Per qualsiasi tipo di riutilizzo dei materiali del Sito si potr\u00e0 eventualmente contattare il Titolare del Sito all\u2019indirizzo info@meccanicamente.com per verificarne la disponibilit\u00e0 e le eventuali condizioni di riutilizzo.<\/p>\r\n<p>L\u2019Utente s\u2019impegna inoltre a non distruggere, modificare o interferire in alcun modo con alcun software, hardware e\/o server del Servizio, e di non impedire n\u00e9 interferire con l\u2019utilizzo del Servizio da parte di terzi. Inoltre accetta di non alterare n\u00e9 interferire con alcuna informazione o materiale del Sito o con l\u2019erogazione dei Servizi da esso offerti.<\/p>\r\n<p>L\u2019Utente ha l\u2019obbligo a non eseguire o tentare l\u2019accesso ai server del Sito con mezzi diversi dalla normale connessione attraverso il tuo browser.<\/p>\r\n<p>L\u2019Utente prende atto e riconosce di essere a conoscenza che il Titolare non ha revisionato e non avalla il contenuto dei siti collegati (c.d. \u201clinkati\u201d) al Sito, n\u00e9 sar\u00e0 responsabile per il loro contenuto o per i beni e servizi che attraverso di essi verranno offerti o commercializzati.<\/p>\r\n<p>Il Titolare avr\u00e0 la facolt\u00e0 di interrompere l\u2019accesso degli utenti in ogni momento e senza preavviso, a seguito della mancata osservanza del Contratto, o in caso di qualsiasi altra violazione delle condizioni di utilizzo dei servizi, cos\u00ec come qualunque violazione da parte dell\u2019Utente di leggi, regolamenti di altra natura \u2013 cui si faccia riferimento nel presente contratto o meno \u2013 e di decisioni giudiziarie.<\/p>\r\n<p><strong>DIRITTI DI PRIVATIVA<\/strong><\/p>\r\n<p>In caso di violazione da parte dell\u2019Utente di uno qualsiasi dei diritti di privativa del Titolare o di qualsiasi soggetto terzo, il Titolare potr\u00e0 sospendere o interrompere l\u2019accesso degli utenti, dei soggetti registrati e\/o dei titolari di account che violino diritti di privativa altrui ed eventualmente agire in giudizio nei loro confronti.<\/p>\r\n<p>Date le caratteristiche intrinseche del Servizio, il Titolare non pu\u00f2 sottoporre ad alcun tipo di controllo, precedente o successivo, ogni Materiale immesso on-line sul Sito.<\/p>\r\n<p>Il Titolare si riserva la facolt\u00e0 di effettuare qualsiasi tipo di controllo, anche a campione, declina pertanto qualsiasi responsabilit\u00e0 per i contenuti immessi sul Sito dai propri utenti, impegnandosi unicamente a provvedere alla tempestiva rimozione dei contenuti oggetto di contestazione da parte di terzi a fronte di idonea segnalazione da parte dell\u2019interessato e\/o dell\u2019autorit\u00e0 competente.<\/p>\r\n<p>Ove si ritenesse \u00a0che il diritto di privativa di un Utente sia stato violato attraverso il Sito o attraverso l\u2019erogazione di uno dei servizi da esso erogati, preghiamo gli interessati di informarci tempestivamente scrivendo al seguente indirizzo e-mail: <a href=\"mailto:info@meccanicamente.com\">info@meccanicamente.com<\/a><\/p>\r\n<p><strong>MANLEVA<\/strong><\/p>\r\n<p>L\u2019Utente s\u2019impegna a tenere indenne il Sito e il Titolare, gli impiegati, gli agenti, rappresentanti e fornitori di servizi esterni in relazione a qualunque rivendicazione o pretesa da parte di terzi e dalle eventuali relative conseguenze pregiudizievoli (incluso il pagamento delle spese legali) che dovessero derivare dal suo accesso al Sito e\/o dalla tua utilizzazione di uno dei Servizi dello stesso in modo non conforme al Contratto.<\/p>\r\n<p><strong>MODIFICHE E CANCELLAZIONI<\/strong><\/p>\r\n<p>Il Titolare si riserva il diritto, senza assumere per\u00f2, al riguardo, alcun impegno, di revisionare, adattare, spostare o cancellare qualunque materiale caricato o messo a disposizione nell\u2019ambito del Servizio o nelle sue bacheche o altre aree, a sua esclusiva discrezione, anche senza alcun preavviso.<br \/>L\u2019utente ha il diritto di recedere dal presente Contratto ovvero da singoli servizi del Sito, in qualsiasi momento, dando comunicazione al Titolare a mezzi di posta elettronica all\u2019indirizzo info@meccanicamente.com e specificando nell\u2019oggetto il tipo di cancellazione richiesta.<\/p>\r\n<p><strong>COLLEGAMENTI CON SITI DI TERZI<\/strong><\/p>\r\n<p>Il Sito pu\u00f2 contenere collegamenti, e\/o componenti, \u00a0e\/o widget ad altri siti internet gestiti da soggetti terzi. Il Titolare non \u00e8 responsabili per i loro contenuti e\/o l\u2019inserimento di tali collegamenti non implica riconoscimento alcuno dei sito in questione n\u00e9 tantomeno alcuna forma di associazione ad esso.<\/p>\r\n<p><strong>LIMITAZIONE DI RESPONSABILIT\u00c0<\/strong><\/p>\r\n<p>I Servizi vengono forniti nello stato di fatto e di diritto in cui si trova. ll sito e i servizi da esso offerti vengono forniti cos\u00ec \u201ccome sono\u201d e \u201ccome disponibili\u201d. La propriet\u00e0 non offre alcuna garanzia sul fatto che i Servizi corrispondano ai requisiti richiesti dall\u2019Utente n\u00e9 riguardo ai risultati, sperati o ottenuti con l\u2019uso dei servizi.<\/p>\r\n<p>Si esclude pertanto qualunque garanzia, esplicita o implicita, \u00a0in relazione alla qualit\u00e0 o in merito a particolari caratteristiche dei Servizi, cos\u00ec come non saremo in alcun caso responsabili in caso i Servizi si rendessero indisponibili, in tutto o in parte, ovvero per qualsiasi diversa modalit\u00e0 con la quale i servizi fossero resi non garantiamo l\u2019accesso continuo, ininterrotto o sicuro agli stessi, dal momento che le operazioni del Sito possono subire l\u2019interferenza di numerosi fattori che non rientrano nelle nostre possibilit\u00e0 di controllo. Ci riserviamo, pertanto, la facolt\u00e0 di sospendere il Servizio o anche interromperlo definitivamente per qualunque ragione.<\/p>\r\n<p>Nei limiti previsti dalle leggi applicabili l\u2019Utente rinuncia espressamente a sollevare alcuna contestazione, pretesa, domanda, azione, richiesta, etc. nei confronti del Titolare e le sue societ\u00e0 partner, ed i relativi dipendenti, dirigenti, collaboratori etc. in relazione all\u2019utilizzazione del Sito e dei servizi in essi offerti da parte dell\u2019Utente o qualsiasi altro atto o fatto connesso al Servizio.<\/p>\r\n<p>Qualsiasi eventuale contatto, anche di natura commerciale, tra l\u2019Utente e un soggetto terzo, ivi inclusi gli inserzionisti e\/o altri con i quali lo stesso dovesse entrare in contatto in occasione dell\u2019utilizzazione del Sito o tramite i Servizi\u00a0 erogati, non riguarderanno, vincoleranno o interesseranno il Titolare, n\u00e9 avranno alcuna efficacia se non nei suoi rapporti con tali soggetti terzi, e pertanto l\u2019Utente rinuncia, sin d\u2019ora, espressamente a sollevare qualsiasi contestazione, pretesa, domanda, azione, richiesta, etc. nei confronti del Titolare (e\/o di sue societ\u00e0 partner, ed i relativi dipendenti, dirigenti, collaboratori etc.) a tale titolo.<\/p>\r\n<p><strong>LEGGE APPLICABILE E FORO COMPETENTE<\/strong><\/p>\r\n<p>Il Contratto \u00e8 stato redatto e verr\u00e0 interpretato secondo la legge italiana. Fatto salvo quanto espressamente previsto dal D. Lgs 206\/2005 (Codice del Consumo), qualsiasi controversia che dovesse derivare dal rapporto regolato dal Contratto verr\u00e0 devoluta alla competenza esclusiva del Foro di Rieti.<\/p>","protected":false},"excerpt":{"rendered":"<p>Termini di Utilizzo Il presente documento descrive le Condizioni Generali di Utilizzo (\u201cContratto\u201d) del presente sito internet. Le seguenti Condizioni si applicano ai soggetti che accedono al Sito Web, raggiungibile all\u2019URL www.meccanicamente.com \u00a0(\u201cSito\u201d), e che navigano i contenuti, utilizzano i servizi e\/o effettuano l\u2019acquisto dei prodotti offerti dallo stesso. Gli Utenti hanno l\u2019obbligo di rispetto [&hellip;]<\/p>\n","protected":false},"author":1,"featured_media":0,"parent":0,"menu_order":0,"comment_status":"closed","ping_status":"open","template":"","meta":[],"yoast_head":"<!-- This site is optimized with the Yoast SEO plugin v15.7 - https:\/\/yoast.com\/wordpress\/plugins\/seo\/ -->\r\n<title>Termini di Utilizzo - meccanicamente.com<\/title>\r\n<meta name=\"robots\" content=\"index, follow, max-snippet:-1, max-image-preview:large, max-video-preview:-1\" \/>\r\n<link rel=\"canonical\" href=\"https:\/\/www.meccanicamente.com\/it\/term-of-use\/\" \/>\r\n<meta property=\"og:locale\" content=\"it_IT\" \/>\r\n<meta property=\"og:type\" content=\"article\" \/>\r\n<meta property=\"og:title\" content=\"Termini di Utilizzo - meccanicamente.com\" \/>\r\n<meta property=\"og:description\" content=\"Termini di Utilizzo Il presente documento descrive le Condizioni Generali di Utilizzo (\u201cContratto\u201d) del presente sito internet. Le seguenti Condizioni si applicano ai soggetti che accedono al Sito Web, raggiungibile all\u2019URL www.meccanicamente.com \u00a0(\u201cSito\u201d), e che navigano i contenuti, utilizzano i servizi e\/o effettuano l\u2019acquisto dei prodotti offerti dallo stesso. Gli Utenti hanno l\u2019obbligo di rispetto [&hellip;]\" \/>\r\n<meta property=\"og:url\" content=\"https:\/\/www.meccanicamente.com\/term-of-use\/\" \/>\r\n<meta property=\"og:site_name\" content=\"meccanicamente.com\" \/>\r\n<meta property=\"article:publisher\" content=\"https:\/\/www.facebook.com\/meccanicamente-139921026024955\" \/>\r\n<meta property=\"article:modified_time\" content=\"2021-02-07T17:31:48+00:00\" \/>\r\n<meta name=\"twitter:card\" content=\"summary_large_image\" \/>\r\n<meta name=\"twitter:site\" content=\"@meccanicamente\" \/>\r\n<meta name=\"twitter:label1\" content=\"Tempo di lettura stimato\">\n\t<meta name=\"twitter:data1\" content=\"10 minuti\">\r\n<script type=\"application\/ld+json\" class=\"yoast-schema-graph\">{\"@context\":\"https:\/\/schema.org\",\"@graph\":[{\"@type\":\"Organization\",\"@id\":\"https:\/\/www.meccanicamente.com\/en\/#organization\",\"name\":\"meccanicamente srls\",\"url\":\"https:\/\/www.meccanicamente.com\/en\/\",\"sameAs\":[\"https:\/\/www.facebook.com\/meccanicamente-139921026024955\",\"https:\/\/www.instagram.com\/meccanicamente\/\",\"https:\/\/www.linkedin.com\/company\/meccanicamente\/\",\"https:\/\/www.pinterest.it\/meccanicamente\/\",\"https:\/\/twitter.com\/meccanicamente\"],\"logo\":{\"@type\":\"ImageObject\",\"@id\":\"https:\/\/www.meccanicamente.com\/en\/#logo\",\"inLanguage\":\"it-IT\",\"url\":\"https:\/\/www.meccanicamente.com\/wp-content\/uploads\/2020\/09\/ms-icon-144x144-1.png\",\"width\":144,\"height\":144,\"caption\":\"meccanicamente srls\"},\"image\":{\"@id\":\"https:\/\/www.meccanicamente.com\/en\/#logo\"}},{\"@type\":\"WebSite\",\"@id\":\"https:\/\/www.meccanicamente.com\/en\/#website\",\"url\":\"https:\/\/www.meccanicamente.com\/en\/\",\"name\":\"meccanicamente.com\",\"description\":\"Software and Web Development\",\"publisher\":{\"@id\":\"https:\/\/www.meccanicamente.com\/en\/#organization\"},\"potentialAction\":[{\"@type\":\"SearchAction\",\"target\":\"https:\/\/www.meccanicamente.com\/en\/?s={search_term_string}\",\"query-input\":\"required name=search_term_string\"}],\"inLanguage\":\"it-IT\"},{\"@type\":\"WebPage\",\"@id\":\"https:\/\/www.meccanicamente.com\/term-of-use\/#webpage\",\"url\":\"https:\/\/www.meccanicamente.com\/term-of-use\/\",\"name\":\"Termini di Utilizzo - meccanicamente.com\",\"isPartOf\":{\"@id\":\"https:\/\/www.meccanicamente.com\/en\/#website\"},\"datePublished\":\"2020-09-19T19:00:02+00:00\",\"dateModified\":\"2021-02-07T17:31:48+00:00\",\"inLanguage\":\"it-IT\",\"potentialAction\":[{\"@type\":\"ReadAction\",\"target\":[\"https:\/\/www.meccanicamente.com\/term-of-use\/\"]}]}]}<\/script>\r\n<!-- \/ Yoast SEO plugin. -->","_links":{"self":[{"href":"https:\/\/www.meccanicamente.com\/it\/wp-json\/wp\/v2\/pages\/5352"}],"collection":[{"href":"https:\/\/www.meccanicamente.com\/it\/wp-json\/wp\/v2\/pages"}],"about":[{"href":"https:\/\/www.meccanicamente.com\/it\/wp-json\/wp\/v2\/types\/page"}],"author":[{"embeddable":true,"href":"https:\/\/www.meccanicamente.com\/it\/wp-json\/wp\/v2\/users\/1"}],"replies":[{"embeddable":true,"href":"https:\/\/www.meccanicamente.com\/it\/wp-json\/wp\/v2\/comments?post=5352"}],"version-history":[{"count":2,"href":"https:\/\/www.meccanicamente.com\/it\/wp-json\/wp\/v2\/pages\/5352\/revisions"}],"predecessor-version":[{"id":5354,"href":"https:\/\/www.meccanicamente.com\/it\/wp-json\/wp\/v2\/pages\/5352\/revisions\/5354"}],"wp:attachment":[{"href":"https:\/\/www.meccanicamente.com\/it\/wp-json\/wp\/v2\/media?parent=5352"}],"curies":[{"name":"wp","href":"https:\/\/api.w.org\/{rel}","templated":true}]}}