{"id":5359,"date":"2020-09-19T21:00:02","date_gmt":"2020-09-19T19:00:02","guid":{"rendered":"https:\/\/www.meccanicamente.com\/privacy-policy\/"},"modified":"2021-02-07T18:39:52","modified_gmt":"2021-02-07T17:39:52","slug":"privacy-policy","status":"publish","type":"page","link":"https:\/\/www.meccanicamente.com\/it\/privacy-policy\/","title":{"rendered":"Informativa sulla Privacy"},"content":{"rendered":"\r\n<h1>Informativa sulla Privacy<\/h1>\r\n\r\n\r\n\r\n<p>L&#8217;indirizzo del nostro sito web \u00e8: https:\/\/meccanicamente.com<\/p>\r\n<p><i class=\"fas fa-cookie-bite\"\"><\/i> <i class=\"fas fa-fingerprint\"\"><\/i><\/p>\r\n\r\n\r\n\r\n<h2>RESPONSABILE DEL TRATTAMENTO E NORMATIVA VIGENTE<\/h2>\r\n\r\n\r\n\r\n<h3>Ultima Modifica: 01 Gennaio 2021<\/h3>\r\n\r\n\r\n\r\n<p>In questa sezione sono descritte le modalit\u00e0 di gestione del sito in riferimento al trattamento dei dati personali degli utenti che lo consultano; l\u2019informativa non si estende ad altri siti web che possono essere consultati dall\u2019utente utilizzando link visualizzati sul sito stesso. <br \/>L\u2019informativa \u00e8 resa ai sensi dell&#8217;art. 13 del d.lgs. n. 196\/2003 &#8211; Codice in materia di protezione dei dati personali e alla Raccomandazione n. 2\/2001 che le autorit\u00e0 europee per la protezione dei dati personali, riunite nel Gruppo istituito dall\u2019art. 29 della direttiva n. 95\/46\/CE, hanno adottato il 17 maggio 2001 per individuare alcuni requisiti minimi per la raccolta di dati personali on-line, e, in particolare, le modalit\u00e0, i tempi e la natura delle informazioni che i titolari del trattamento devono fornire agli utenti quando questi si collegano a pagine web, indipendentemente dagli scopi del collegamento. <br \/>Per quanto riguarda le politiche di tutela della privacy, la propriet\u00e0 del sito si uniforma a, e riprende testualmente, quanto descritto dall\u2019Autorit\u00e0 garante sul sito web ufficiale nel proprio documento sulla Privacy Policy Titolare del trattamento dei dati personali (art. 28 del Codice della Privacy) A seguito della consultazione di questo Sito Web possono essere trattati dati relativi a persone identificate o identificabili. Il Titolare del loro trattamento \u00e8 il seguente soggetto <br \/>Giancarlo Figlia (di seguito \u201cTitolare del Trattamento\u201d): con sede legale in P.zza Garibaldi, 19 02032 Fara in Sabina (RI) Tel. +39 0765 277085 \u2013 fax +39 06 89281810 \u2013 e-mail:info@meccanicamente.com<\/p>\r\n\r\n\r\n\r\n<h3>TIPI DI DATI TRATTATI<\/h3>\r\n<h3>Dati di navigazione<\/h3>\r\n\r\n\r\n\r\n<p>I sistemi informatici e le procedure software preposte al funzionamento di questo Sito Web acquisiscono, nel corso del loro normale esercizio, alcuni dati personali la cui trasmissione \u00e8 implicita nell\u2019uso dei protocolli di comunicazione di Internet. Si tratta di informazioni che non sono raccolte per essere associate a interessati identificati, ma che per loro stessa natura potrebbero, attraverso elaborazioni ed associazioni con dati detenuti da terzi, permettere di identificare gli utenti. In questa categoria di dati rientrano gli indirizzi IP o i nomi a dominio dei computer utilizzati dagli utenti che si connettono al sito, gli indirizzi in notazione URI (Uniform Resource Identifier) delle risorse richieste, l\u2019orario della richiesta, il metodo utilizzato nel sottoporre la richiesta al server, la dimensione del file ottenuto in risposta, il codice numerico indicante lo stato della risposta data dal server (buon fine, errore, ecc.) ed altri parametri relativi al sistema operativo e all\u2019ambiente informatico dell\u2019utente. <br \/>Questi dati vengono utilizzati al solo fine di ricavare informazioni statistiche anonime sull\u2019uso del sito e per controllarne il corretto funzionamento e vengono cancellati immediatamente dopo l\u2019elaborazione. I dati potrebbero essere utilizzati per l\u2019accertamento di responsabilit\u00e0 in caso di ipotetici reati informatici ai danni del sito: salva questa eventualit\u00e0, allo stato i dati sui contatti web non persistono per pi\u00f9 di sette giorni. L\u2019invio, inoltre, facoltativo, esplicito e volontario di posta elettronica agli indirizzi indicati su questo sito comporta la successiva acquisizione dell\u2019indirizzo del mittente, necessario per rispondere alle richieste, nonch\u00e9 degli eventuali altri dati personali inseriti nella missiva. Specifiche informative di sintesi verranno progressivamente riportate o visualizzate nelle pagine del sito predisposte per particolari servizi a richiesta.<\/p>\r\n\r\n\r\n\r\n\r\n\r\n<h3>Dati forniti volontariamente dall\u2019utente<\/h3>\r\n\r\n\r\n\r\n<p>I Dati dell\u2019Utente, forniti volontariamente, possono essere raccolti dal Titolare del Trattamento al momento della registrazione per l\u2019iscrizione all\u2019utilizzo di specifici servizi forniti dal Sito Web (in via esemplificativa: Registrazione alla Community per poter commentare i post del blog).<br \/>Con la registrazione al sito, l\u2019utente potr\u00e0 quindi beneficiare di una serie di Servizi esclusivi riservati agli Utenti registrati.<br \/>I dati degli utenti registrati sono gestiti dal Titolare del Trattamento sia tramite invio di e-mail periodiche all\u2019indirizzo di posta elettronica fornito dall\u2019Utente, sia attraverso l\u2019invio di una Newsletter qualora l\u2019Utente abbia prestato il suo consenso espresso alla sua ricezione. Con tali comunicazioni i Titolari informeranno l\u2019Utente dei Servizi presenti sul Sito, delle novit\u00e0 inerenti il Sito e la Community nonch\u00e9 delle iniziative che verranno organizzate in favore degli Utenti del Sito o, in via esclusiva, degli Utenti registrati (in via esemplificativa: blog, forum, aree di discussione, inviti, manifestazioni a premio, etc).<br \/>La Newsletter potr\u00e0 anche contenere banner pubblicitari, inserzioni e offerte pubblicitarie sia del Titolare che di soggetti terzi.<br \/><br \/><\/p>\r\n<p>All\u2019atto della registrazione al Sito Web, all\u2019Utente verr\u00e0 richiesto di inserire alcuni Dati. <br \/>Si invita quindi l\u2019Utente a verificare quali sono indicati come obbligatori e quali invece come facoltativi restando inteso che:<br \/><br \/>1. la mancata resa dei Dati contrassegnati come obbligatori impedisce l\u2019iscrizione al Sito Web;<br \/>2. la mancata resa dei Dati contrassegnati come facoltativi non impedisce l\u2019iscrizione al Sito Web ma potrebbe rendere non fruibili alcuni Servizi e\/o alcuni canali di comunicazione e\/o la partecipazione a alcuni eventi (salvo l\u2019Utente non renda i dati successivamente).<br \/><br \/>L\u2019Utente pu\u00f2 associare un\u2019immagine (c.d. \u201cavatar\u201d o similari) al proprio profilo utente e ha la possibilit\u00e0 di esprimere preferenze e stabilire quali Dati rendere pubblici e quali tenere riservati nei confronti degli altri utenti del sito. Ogni responsabilit\u00e0 in punto \u00e8 in capo all\u2019Utente. L\u2019Utente pu\u00f2 in qualsiasi momento modificare il proprio profilo utente e, nei casi in cui il Titolare lo consenta, inserire i Dati in precedenza non conferiti al fine della fruizione di Servizi e\/o della partecipazione a iniziative che gli sarebbero altrimenti precluse.<\/p>\r\n<h3><br \/>Cookies<\/h3>\r\n<p><br \/>I cookies utilizzati dal Titolare sono dei file di testo che il Sito trasferisce sul computer dell\u2019Utente al fine di facilitarne la navigazione. Grazie ai cookies, pu\u00f2 essere facilitato il riconoscimento dell\u2019Utente registrato da parte del Sito, evitando ad esempio che si debba procedere alla propria autenticazione (operazione di login) in occasione di ogni accesso al Sito. I cookies, inoltre, possono consentire agli Utenti di personalizzare la propria fruizione del Sito mediante salvataggio delle proprie impostazioni preferite.<\/p>\r\n<p><br \/>I cookies registrano anche alcune informazioni relative alla navigazione dell\u2019Utente.<br \/>Ciascun utente ha la facolt\u00e0 di autonomamente disattivare i cookies attraverso il software utilizzato sul proprio computer per la consultazione della rete Internet (c.d. \u201cbrowser\u201d). Molti browser sono impostati in modo tale da accettare i cookies in assenza di diverse istruzioni da parte dell\u2019Utente. Il Titolare invita gli Utenti a verificare le impostazioni del proprio browser con riferimento ai cookies, e di regolarle secondo le proprie preferenze, tenendo tuttavia presente che per usufruire di alcuni Servizi potrebbe essere necessario abilitare la ricezione dei cookies (in tali casi l\u2019Utente verr\u00e0 debitamente informato).<br \/><br \/>La piattaforma tecnologica tramite cui il Sito viene messo a disposizione dell\u2019Utente, anche attraverso i cookies, registra automaticamente alcune informazioni sul personal computer e sulla navigazione dell\u2019Utente, quali ad esempio: il nome del suo provider di accesso alla rete Internet, sito di provenienza, pagine visitate, data e durata della visita, etc. Tali informazioni vengono utilizzate soltanto per consentire l\u2019accesso al Sito e\/o il godimento di alcuni Servizi e\/o possono essere utilizzate in forma aggregata per fini statistici. Il Sito ha anche la possibilit\u00e0 di analizzare, sempre in forma aggregata, le opinioni e le preferenze espresse dall\u2019Utente nell\u2019ambito dei Servizi messi a disposizione.<\/p>\r\n<p><br \/>L\u2019uso di c.d. cookies di sessione (che non vengono memorizzati in modo persistente sul computer dell\u2019utente e svaniscono con la chiusura del browser) \u00e8 strettamente limitato alla trasmissione di identificativi di sessione (costituiti da numeri casuali generati dal server) necessari per consentire l\u2019esplorazione sicura ed efficiente del sito. I c.d. cookies di sessione utilizzati in questo sito evitano il ricorso ad altre tecniche informatiche potenzialmente pregiudizievoli per la riservatezza della navigazione degli utenti e non consentono l\u2019acquisizione di dati personali identificativi dell\u2019utente.<\/p>\r\n\r\n\r\n\r\n<h3>FINALITA\u2019 DEL TRATTAMENTO DEI DATI<\/h3>\r\n<h3>I Dati degli Utenti saranno trattati dal Titolare per:<\/h3>\r\n<h3>\r\n\r\n<\/h3>\r\n<ul>\r\n<li>Permettere la fruizione del Sito e di ogni singolo Servizio per il quale non sia richiesto un consenso specifico;<\/li>\r\n<li>Permettere la fruizione di particolari Servizi per i quali sia necessario un consenso espresso dell\u2019Utente prestato di volta in volta;<\/li>\r\n<li>L\u2019invio della Newsletter (solo in caso di consenso);<\/li>\r\n<li>L\u2019invio di materiale pubblicitario e lo svolgimento di attivit\u00e0 di vendita diretta, ricerche di mercato o comunicazione commerciale inerenti prodotti o servizi del Titolare o di terzi (di seguito \u201cAttivit\u00e0 di Marketing Diretto\u201d) solo con il consenso;<\/li>\r\n<li>La comunicazione dei suoi dati ai propri partner commerciali (di volta in volta espressamente indicati o elencati nel Sito) ed eventualmente previa attivit\u00e0 di profilazione, affinch\u00e9 gli stessi procedano, nella qualit\u00e0 di titolari, a separati trattamenti aventi le medesime modalit\u00e0 e gli stessi limiti di cui al trattamento autorizzato ai Titolari (di seguito \u201cComunicazione a Partner Commerciali\u201d), solo con il consenso.<\/li>\r\n<\/ul>\r\n<h3>FACOLTATIVITA\u2019 DEL CONFERIMENTO DEI DATI<\/h3>\r\n<p>A parte quanto specificato per i dati di navigazione, l\u2019utente \u00e8 libero di fornire i dati personali riportati nei moduli di richiesta al Garante o comunque indicati in contatti con l&#8217;Ufficio per sollecitare l\u2019invio di materiale informativo o di altre comunicazioni. Il loro mancato conferimento pu\u00f2 comportare l\u2019impossibilit\u00e0 di ottenere quanto richiesto. Per completezza va ricordato che in alcuni casi (non oggetto dell\u2019ordinaria gestione di questo sito) l\u2019Autorit\u00e0 pu\u00f2 richiedere notizie e informazioni ai sensi dell&#8217;art 157 del d.lgs. n. 196\/2003, ai fini del controllo sul trattamento dei dati personali. In questi casi la risposta \u00e8 obbligatoria a pena di sanzione amministrativa.<\/p>\r\n<h3>MODALITA\u2019 DEL TRATTAMENTO<\/h3>\r\n<p>I dati personali sono trattati con strumenti automatizzati per il tempo strettamente necessario a conseguire gli scopi per cui sono stati raccolti. Specifiche misure di sicurezza sono osservate per prevenire la perdita dei dati, usi illeciti o non corretti ed accessi non autorizzati.<\/p>\r\n<h3>DIRITTI DEGLI INTERESSATI<\/h3>\r\n<p>I soggetti cui si riferiscono i dati personali hanno il diritto in qualunque momento di ottenere la conferma dell\u2019esistenza o meno dei medesimi dati e di conoscerne il contenuto e l\u2019origine, verificarne l\u2019esattezza o chiederne l\u2019integrazione o l\u2019aggiornamento, oppure la rettificazione (art. 7 del d.lgs. n. 196\/2003). <br \/>Ai sensi del medesimo articolo si ha il diritto di chiedere la cancellazione, la trasformazione in forma anonima o il blocco dei dati trattati in violazione di legge, nonch\u00e9 di opporsi in ogni caso, per motivi legittimi, al loro trattamento. Le richieste vanno rivolte alla Propriet\u00e0 del sito: info@meccanicamente.com<\/p>\r\n<h3>AMBITO DI COMUNICAZIONE E DIFFUSIONE DEI DATI<\/h3>\r\n<p>Il Titolare proceder\u00e0 direttamente o tramite gli eventuali responsabili, a trattare i dati personali degli Utenti nella propria infrastruttura tecnologica e\/o valendosi del supporto e delle infrastrutture tecnologiche di terzi fornitori nominati responsabili del trattamento.Il trattamento sar\u00e0 affidato, nelle singole operazioni, a persone fisiche nominate incaricati del trattamento.<\/p>\r\n<p>I Dati non sono mai diffusi, ad eccezione di quelli che volontariamente l\u2019Utente rende disponibili sulle eventuali aree comuni del Sito pubblicamente accessibili. Il Titolare invita gli Utenti a valutare attentamente l\u2019eventuale diffusione o comunicazione di propri Dati e\/o di informazioni a terzi e non si assume alcuna responsabilit\u00e0 per ogni eventuale conseguenza.<\/p>\r\n<h3>UTENTI MINORENNI<\/h3>\r\n<p>Il Titolare incoraggia i genitori a monitorare l\u2019uso di Internet da parte dei loro figli, per una fruizione sicura e filtrata dei suoi contenuti, anche mediante l\u2019utilizzo di strumenti di controllo genitoriale. Oltre a garantire un ambiente on-line adatto ai minorenni, questi strumenti possono prevenire la divulgazione di dati personali da parte dei bambini o dei ragazzi che non abbiano il consenso dei propri genitori.<\/p>\r\n<p>Per quanto riguarda la raccolta ed il trattamento di dati personali, il Titolare non effettua alcuna operazione di trattamento dei dati personali di minorenni senza il consenso dei loro genitori.<br \/>La registrazione al Sito Web \u00e8 pertanto consentita ai soli Utenti maggiorenni o agli Utenti che abbiamo compiuto 14 anni e che abbiamo il consenso dei propri genitori.<br \/><br \/>Il Titolare, peraltro, incoraggia l\u2019iscrizione al Sito Web dei genitori degli Utenti registrati minorenni: in questo modo i genitori hanno la possibilit\u00e0 di usufruire dei Servizi e di essere sempre al corrente delle iniziative che il Titolare mette a disposizione dei figli, e di verificarne cos\u00ec la rispondenza alle proprie aspettative ed ai propri modelli e percorsi educativi.<br \/><br \/>Riguardo all\u2019erogazione di alcuni Servizi, il Titolare non richiede agli Utenti di rivelare la propria et\u00e0, e\/o non \u00e8 nelle condizioni di venire al corrente dell\u2019et\u00e0 degli Utenti. Il Titolare invita pertanto tutti gli Utenti che non abbiano compiuto 18 anni a non comunicare in nessun caso i propri dati personali senza l\u2019autorizzazione di un genitore, riservandosi il diritto di inibire l\u2019accesso ai Servizi dell\u2019Utente che abbia celato la propria minore et\u00e0 o che abbia comunque comunicato i propri dati personali in assenza del consenso dei propri genitori pur avendo un\u2019et\u00e0 inferiore ai 18 anni.<\/p>\r\n<h3>COLLEGAMENTI A SITI A SERVIZI DI TERZI<\/h3>\r\n<p>All\u2019interno del Sito e\/o all\u2019interno di comunicazioni che il Titolare invier\u00e0 all\u2019Utente nell\u2019ambito dell\u2019erogazione dei Servizi, potranno essere contenuti banner, messaggi pubblicitari e\/o inserzioni di soggetti terzi, inserzionisti o partner commerciali del Titolare.<br \/>Il Titolare informa gli Utenti che, aderendo alle proposte dei citati soggetti terzi per acquistare beni o servizi e\/o accedere a pagine multimediali di esclusiva pertinenza di tali terzi, si trovano al di fuori del controllo del Titolare e che non sono in alcun modo tenuti al rispetto di quanto previsto nella presente informativa.<br \/>Il Titolare, pertanto, invita gli Utenti a fornire i propri dati a tali soggetti terzi soltanto a fronte di idonee garanzie di riservatezza, ed a prestare la massima attenzione prima di aderire ai servizi dagli stessi offerti, in relazione ai quali il Titolare non potranno svolgere alcun controllo, n\u00e9 saranno in qualsiasi altro modo coinvolte n\u00e9 responsabili.<\/p>\r\n<h3>MODIFICHE AL PRESENTE DOCUMENTO<\/h3>\r\n<p>Fermo restando che il Titolare in ogni caso non procede ad operazioni di trattamento diverse da quelle espressamente autorizzate e\/o richieste da ciascun Utente, la presente informativa pu\u00f2 essere fatta oggetto di modifiche per conformarsi a nuove disposizioni di legge, alle mutate politiche di trattamento dei dati del Titolare e\/o a seguito della modifiche delle caratteristiche del Sito e\/o del Servizio.<br \/>Ogni versione aggiornata della presente informativa sar\u00e0 resa disponibile sul Sito nella sezione dedicata: il Titolare invita pertanto tutti gli Utenti a consultare periodicamente il Sito per essere sempre informati dell\u2019ultima versione caricata.<\/p>\r\n<p>&nbsp;<\/p>\r\n","protected":false},"excerpt":{"rendered":"<p>Informativa sulla Privacy L&#8217;indirizzo del nostro sito web \u00e8: https:\/\/meccanicamente.com RESPONSABILE DEL TRATTAMENTO E NORMATIVA VIGENTE Ultima Modifica: 01 Gennaio 2021 In questa sezione sono descritte le modalit\u00e0 di gestione del sito in riferimento al trattamento dei dati personali degli utenti che lo consultano; l\u2019informativa non si estende ad altri siti web che possono essere [&hellip;]<\/p>\n","protected":false},"author":1,"featured_media":0,"parent":0,"menu_order":0,"comment_status":"closed","ping_status":"open","template":"","meta":[],"yoast_head":"<!-- This site is optimized with the Yoast SEO plugin v15.7 - https:\/\/yoast.com\/wordpress\/plugins\/seo\/ -->\r\n<title>Informativa sulla Privacy - meccanicamente.com<\/title>\r\n<meta name=\"robots\" content=\"index, follow, max-snippet:-1, max-image-preview:large, max-video-preview:-1\" \/>\r\n<link rel=\"canonical\" href=\"https:\/\/www.meccanicamente.com\/it\/privacy-policy\/\" \/>\r\n<meta property=\"og:locale\" content=\"it_IT\" \/>\r\n<meta property=\"og:type\" content=\"article\" \/>\r\n<meta property=\"og:title\" content=\"Informativa sulla Privacy - meccanicamente.com\" \/>\r\n<meta property=\"og:description\" content=\"Informativa sulla Privacy L&#8217;indirizzo del nostro sito web \u00e8: https:\/\/meccanicamente.com RESPONSABILE DEL TRATTAMENTO E NORMATIVA VIGENTE Ultima Modifica: 01 Gennaio 2021 In questa sezione sono descritte le modalit\u00e0 di gestione del sito in riferimento al trattamento dei dati personali degli utenti che lo consultano; l\u2019informativa non si estende ad altri siti web che possono essere [&hellip;]\" \/>\r\n<meta property=\"og:url\" content=\"https:\/\/www.meccanicamente.com\/privacy-policy\/\" \/>\r\n<meta property=\"og:site_name\" content=\"meccanicamente.com\" \/>\r\n<meta property=\"article:publisher\" content=\"https:\/\/www.facebook.com\/meccanicamente-139921026024955\" \/>\r\n<meta property=\"article:modified_time\" content=\"2021-02-07T17:39:52+00:00\" \/>\r\n<meta name=\"twitter:card\" content=\"summary_large_image\" \/>\r\n<meta name=\"twitter:site\" content=\"@meccanicamente\" \/>\r\n<meta name=\"twitter:label1\" content=\"Tempo di lettura stimato\">\n\t<meta name=\"twitter:data1\" content=\"11 minuti\">\r\n<script type=\"application\/ld+json\" class=\"yoast-schema-graph\">{\"@context\":\"https:\/\/schema.org\",\"@graph\":[{\"@type\":\"Organization\",\"@id\":\"https:\/\/www.meccanicamente.com\/en\/#organization\",\"name\":\"meccanicamente srls\",\"url\":\"https:\/\/www.meccanicamente.com\/en\/\",\"sameAs\":[\"https:\/\/www.facebook.com\/meccanicamente-139921026024955\",\"https:\/\/www.instagram.com\/meccanicamente\/\",\"https:\/\/www.linkedin.com\/company\/meccanicamente\/\",\"https:\/\/www.pinterest.it\/meccanicamente\/\",\"https:\/\/twitter.com\/meccanicamente\"],\"logo\":{\"@type\":\"ImageObject\",\"@id\":\"https:\/\/www.meccanicamente.com\/en\/#logo\",\"inLanguage\":\"it-IT\",\"url\":\"https:\/\/www.meccanicamente.com\/wp-content\/uploads\/2020\/09\/ms-icon-144x144-1.png\",\"width\":144,\"height\":144,\"caption\":\"meccanicamente srls\"},\"image\":{\"@id\":\"https:\/\/www.meccanicamente.com\/en\/#logo\"}},{\"@type\":\"WebSite\",\"@id\":\"https:\/\/www.meccanicamente.com\/en\/#website\",\"url\":\"https:\/\/www.meccanicamente.com\/en\/\",\"name\":\"meccanicamente.com\",\"description\":\"Software and Web Development\",\"publisher\":{\"@id\":\"https:\/\/www.meccanicamente.com\/en\/#organization\"},\"potentialAction\":[{\"@type\":\"SearchAction\",\"target\":\"https:\/\/www.meccanicamente.com\/en\/?s={search_term_string}\",\"query-input\":\"required name=search_term_string\"}],\"inLanguage\":\"it-IT\"},{\"@type\":\"WebPage\",\"@id\":\"https:\/\/www.meccanicamente.com\/privacy-policy\/#webpage\",\"url\":\"https:\/\/www.meccanicamente.com\/privacy-policy\/\",\"name\":\"Informativa sulla Privacy - meccanicamente.com\",\"isPartOf\":{\"@id\":\"https:\/\/www.meccanicamente.com\/en\/#website\"},\"datePublished\":\"2020-09-19T19:00:02+00:00\",\"dateModified\":\"2021-02-07T17:39:52+00:00\",\"inLanguage\":\"it-IT\",\"potentialAction\":[{\"@type\":\"ReadAction\",\"target\":[\"https:\/\/www.meccanicamente.com\/privacy-policy\/\"]}]}]}<\/script>\r\n<!-- \/ Yoast SEO plugin. -->","_links":{"self":[{"href":"https:\/\/www.meccanicamente.com\/it\/wp-json\/wp\/v2\/pages\/5359"}],"collection":[{"href":"https:\/\/www.meccanicamente.com\/it\/wp-json\/wp\/v2\/pages"}],"about":[{"href":"https:\/\/www.meccanicamente.com\/it\/wp-json\/wp\/v2\/types\/page"}],"author":[{"embeddable":true,"href":"https:\/\/www.meccanicamente.com\/it\/wp-json\/wp\/v2\/users\/1"}],"replies":[{"embeddable":true,"href":"https:\/\/www.meccanicamente.com\/it\/wp-json\/wp\/v2\/comments?post=5359"}],"version-history":[{"count":1,"href":"https:\/\/www.meccanicamente.com\/it\/wp-json\/wp\/v2\/pages\/5359\/revisions"}],"predecessor-version":[{"id":5360,"href":"https:\/\/www.meccanicamente.com\/it\/wp-json\/wp\/v2\/pages\/5359\/revisions\/5360"}],"wp:attachment":[{"href":"https:\/\/www.meccanicamente.com\/it\/wp-json\/wp\/v2\/media?parent=5359"}],"curies":[{"name":"wp","href":"https:\/\/api.w.org\/{rel}","templated":true}]}}